{"id":235,"date":"2019-08-05T13:40:32","date_gmt":"2019-08-05T13:40:32","guid":{"rendered":"https:\/\/energia.ybis.it\/?page_id=235"},"modified":"2019-08-05T13:43:02","modified_gmt":"2019-08-05T13:43:02","slug":"privacy-policy","status":"publish","type":"page","link":"https:\/\/energia.ybis.it\/index.php\/privacy-policy\/","title":{"rendered":"Privacy Policy"},"content":{"rendered":"\t\t<div data-elementor-type=\"wp-post\" data-elementor-id=\"235\" class=\"elementor elementor-235\" data-elementor-settings=\"[]\">\n\t\t\t\t\t\t<div class=\"elementor-inner\">\n\t\t\t\t\t\t\t<div class=\"elementor-section-wrap\">\n\t\t\t\t\t\t\t<section class=\"elementor-section elementor-top-section elementor-element elementor-element-38ca45a elementor-section-boxed elementor-section-height-default elementor-section-height-default\" data-id=\"38ca45a\" data-element_type=\"section\">\n\t\t\t\t\t\t<div class=\"elementor-container elementor-column-gap-default\">\n\t\t\t\t\t\t\t<div class=\"elementor-row\">\n\t\t\t\t\t<div class=\"elementor-column elementor-col-100 elementor-top-column elementor-element elementor-element-aa5a3d9\" data-id=\"aa5a3d9\" data-element_type=\"column\">\n\t\t\t<div class=\"elementor-column-wrap elementor-element-populated\">\n\t\t\t\t\t\t\t<div class=\"elementor-widget-wrap\">\n\t\t\t\t\t\t<div class=\"elementor-element elementor-element-704de1c elementor-widget elementor-widget-spacer\" data-id=\"704de1c\" data-element_type=\"widget\" data-widget_type=\"spacer.default\">\n\t\t\t\t<div class=\"elementor-widget-container\">\n\t\t\t\t\t<div class=\"elementor-spacer\">\n\t\t\t<div class=\"elementor-spacer-inner\"><\/div>\n\t\t<\/div>\n\t\t\t\t<\/div>\n\t\t\t\t<\/div>\n\t\t\t\t\t\t<\/div>\n\t\t\t\t\t<\/div>\n\t\t<\/div>\n\t\t\t\t\t\t\t\t<\/div>\n\t\t\t\t\t<\/div>\n\t\t<\/section>\n\t\t\t\t<section class=\"elementor-section elementor-top-section elementor-element elementor-element-b6d303f elementor-section-boxed elementor-section-height-default elementor-section-height-default\" data-id=\"b6d303f\" data-element_type=\"section\">\n\t\t\t\t\t\t<div class=\"elementor-container elementor-column-gap-default\">\n\t\t\t\t\t\t\t<div class=\"elementor-row\">\n\t\t\t\t\t<div class=\"elementor-column elementor-col-100 elementor-top-column elementor-element elementor-element-922e24a\" data-id=\"922e24a\" data-element_type=\"column\">\n\t\t\t<div class=\"elementor-column-wrap elementor-element-populated\">\n\t\t\t\t\t\t\t<div class=\"elementor-widget-wrap\">\n\t\t\t\t\t\t<div class=\"elementor-element elementor-element-0a28545 elementor-widget elementor-widget-text-editor\" data-id=\"0a28545\" data-element_type=\"widget\" data-widget_type=\"text-editor.default\">\n\t\t\t\t<div class=\"elementor-widget-container\">\n\t\t\t\t\t<div class=\"elementor-text-editor elementor-clearfix\"><p>Gentile utente,<br \/><br \/>ringraziandoti per aver visitato il nostro sito, nelle seguenti informazioni troverai tutte le indicazioni utili a comprendere le finalit\u00e0 e modalit\u00e0 di trattamento dei tuoi dati personali in qualit\u00e0 di visitatore, oltre ad ogni altra informazione prevista dall\u2019art. 13 e 14 dal Regolamento generale sulla protezione dei dati UE 2016\/679 (\u201cGDPR\u201d).\u00a0<\/p><h3>\u00a0<\/h3><p><strong>1. Chi \u00e8 il Titolare del trattamento?<\/strong><br \/><br \/>Il titolare del trattamento \u00e8 Ybis S.R.L. con sede legale a Catania, via Giuseppe Missori, 22, 95122 e pu\u00f2 essere contattata attraverso i mezzi descritti nelle pagine del sito web.<br \/><br \/><strong>2. Che tipologia di dati trattiamo e per quanto tempo li conserviamo?<\/strong><br \/><br \/><em>a) Dati di navigazione<\/em><br \/>I sistemi informatici e le procedure software preposte al funzionamento di questo sito acquisiscono, nel normale esercizio e per la sola durata della connessione, alcuni dati che vengono poi trasmessi implicitamente nell\u2019uso dei protocolli di comunicazione Internet.<br \/>Tali informazioni non vengono raccolte con lo scopo di associarle agli utenti ma, per loro stessa natura, potrebbero, attraverso elaborazioni ed associazioni con dati detenuti da terzi, permettere di identificarli. Queste dati vengono cancellati poche ore dopo l\u2019elaborazione.<br \/><br \/><em>b) Cookie<\/em><br \/>Il presente sito utilizza cookies o marcatori, che tecnicamente sono pacchetti di informazioni inviate da un web server (in questo caso, dal presente sito) al browser del utente e da quest\u2019ultimo memorizzati sul proprio dispositivo (personal computer, tablet, cellulare, ecc.) e rinviati automaticamente al server ad ogni successivo accesso al sito.<br \/>Per conoscere la le tipologie e le finalit\u00e0 dei cookie utilizzati dai siti di Ybis s.r.l. e manifestare le tue preferenze in merito all\u2019uso dei cookie, puoi consultare l\u2019apposita Cookie Policy.<br \/><br \/><em>c) Dati forniti volontariamente dagli utenti\/visitatori<\/em><br \/>Qualora collegandoti a questo sito deciderai, laddove previsto, di inviare i tuoi dati personali (per esempio: nome, cognome, indirizzo email) per accedere a determinati servizi, ovvero, per effettuare richieste via posta elettronica, Ybis s.r.l.\u00a0 tratter\u00e0 tali dati per rispondere alla tua richiesta, ovvero per fornirti il servizio da te richiesto in conformit\u00e0 con la presente informativa e le specifiche informative privacy rese in fase di adesione ai singoli servizi. I dati verranno conservati per il tempo necessario ad erogare il servizio richiesto e per gestire eventuali contestazioni.<br \/>I tuoi dati personali verranno comunicati a terzi solo nel caso in cui la comunicazione sia necessaria per ottemperare alle richieste degli utenti medesimi, come precisato nelle informative specifiche dei singoli servizi, o per semplificare \u2013 su tua richiesta \u2013 le operazioni di registrazione a siti\/applicazioni di terzi.<br \/><br \/>Non ti verranno richiesti dati sulla salute e, in generale, categorie particolari di dati personali richiamati dall\u2019articolo 9 del GDPR (sensibili, biometrici, genetici e penali).<br \/><br \/><strong>3. Con quale modalit\u00e0 vengono trattati i tuoi dati?<\/strong><br \/><br \/>I tuoi dati sono trattati con il supporto di mezzi informatici e telematici e sono protetti attraverso adeguate misure di sicurezza idonee a garantirne la riservatezza e l\u2019integrit\u00e0.\u00a0<br \/><br \/>In particolare, Ybis s.r.l. ha adottato e adotta misure organizzative (distribuzione di ruoli e responsabilit\u00e0 nell\u2019esecuzione dell\u2019attivit\u00e0 e dei controlli), procedurali e tecniche (firewall, antivirus ed altre avanzate tecnologie) appropriate per proteggere i tuoi dati contro la perdita, il furto, nonch\u00e9 l\u2019uso, la divulgazione o la modifica non autorizzata.<br \/><br \/><strong>4. Quali sono la finalit\u00e0 e la base giuridica del trattamento?<\/strong><br \/><br \/>Ybis tratta i tuoi dati di navigazione anonimi di cui al punto 2.a al fine di monitorare il funzionamento tecnico e le prestazioni del sito, per capire come migliorare i servizi e farli evolvere. Tali dati sono necessari a garantire l\u2019erogazione del sito.<br \/><br \/>I dati di cui al punto 2.b vengono utilizzati al solo scopo di ricavare informazioni statistiche anonime sull\u2019uso del sito e per controllarne il corretto funzionamento (sono pertanto necessari a garantire l\u2019erogazione del sito) sia per mostrare annunci pubblicitari, come meglio spiegato nella nostra Cookie Policy.<br \/><br \/>Quando i servizi offerti dal sito sono gratuiti e sostenuti dalle inserzioni pubblicitarie, la base giuridica del trattamento \u00e8 il legittimo interesse del Titolare espressamente previsto dal GDPR. (leggi sopra punto 2.b).<br \/><br \/>Per quanto riguarda i dati di cui al punto 2.c ti invitiamo a leggere le informative specifiche dei singoli servizi.<br \/><br \/><strong>5. A chi possono essere comunicati i tuoi dati?<\/strong><br \/><br \/>I dati anonimi di cui ai punti 2.a e 2.b potrebbero essere comunicati a partner e fornitori che supportano Ybis srl nell\u2019erogazione del presente sito. Qualora Ybis dovesse comunicare i tuoi dati personali a terzi (per esempio in merito ai servizi a cui ti sei registrato), questi agiranno in qualit\u00e0 di Titolari autonomi o saranno nominati da Ybis quali Responsabili del trattamento. Potrai richiedere l\u2019elenco aggiornato di tali Responsabili tramite invio email.<br \/><br \/>Inoltre, i tuoi dati potrebbero essere comunicati a soggetti, enti o autorit\u00e0 a cui la comunicazione dei dati sia obbligatoria in per legge.<br \/><br \/><strong>6. Quali sono i tuoi diritti?<\/strong><br \/><br \/>In ogni momento puoi accedere alle informazioni che ti riguardano e chiederne l\u2019aggiornamento, la rettificazione e l\u2019integrazione, nonch\u00e9 la cancellazione, la trasformazione in forma anonima o il blocco. Potrai altres\u00ec opporsi in tutto o in parte al trattamento.<br \/><br \/>Per esercitare questi e gli altri diritti di cui agli articoli 15-22 del GDPR, puoi scrivere a Ybis S.R.L. , via Pietro Carrera, 88 \u2013 Catania(CT) \u2013 95123,oppure inviare una email.<br \/><br \/>Inoltre, hai il diritto di rivolgerti al Garante per la protezione dei dati personali o ad altra autorit\u00e0 per proporre un reclamo in merito al trattamento dei tuoi dati personali.<br \/><br \/><strong>7. DPO (Data Protection Officer)<\/strong><br \/><br \/>Ybis srl ha nominato un responsabile della protezione dei dati personali in conformit\u00e0 agli artt. 37 ss. Del GDPR che pu\u00f2 essere contattato scrivendo a info@ybis.it<br \/><br \/><strong>8. Modifiche e aggiornamenti<\/strong><br \/><br \/>La presente informativa pu\u00f2 subire modifiche nel tempo \u2013 anche connesse all\u2019eventuale entrata in vigore di nuove normative di settore, all\u2019aggiornamento o erogazione di nuovi servizi ovvero ad intervenute innovazioni tecnologiche \u2013 per cui ti invitiamo a consultare periodicamente questa pagina.<br \/><br \/><\/p><div align=\"right\"><strong>Ultimo aggiornamento: 16 Luglio 2019<\/strong><\/div><\/div>\n\t\t\t\t<\/div>\n\t\t\t\t<\/div>\n\t\t\t\t\t\t<\/div>\n\t\t\t\t\t<\/div>\n\t\t<\/div>\n\t\t\t\t\t\t\t\t<\/div>\n\t\t\t\t\t<\/div>\n\t\t<\/section>\n\t\t\t\t\t\t<\/div>\n\t\t\t\t\t\t<\/div>\n\t\t\t\t\t<\/div>\n\t\t","protected":false},"excerpt":{"rendered":"<p>Gentile utente, ringraziandoti per aver visitato il nostro sito, nelle seguenti informazioni troverai tutte le indicazioni utili a comprendere le finalit\u00e0 e modalit\u00e0 di trattamento dei tuoi dati personali in qualit\u00e0 di visitatore, oltre ad ogni altra informazione prevista dall\u2019art. 13 e 14 dal Regolamento generale sulla protezione dei dati UE 2016\/679 (\u201cGDPR\u201d).\u00a0 \u00a0 1.&hellip;&nbsp;<a href=\"https:\/\/energia.ybis.it\/index.php\/privacy-policy\/\" class=\"\" rel=\"bookmark\">Leggi tutto &raquo;<span class=\"screen-reader-text\">Privacy Policy<\/span><\/a><\/p>\n","protected":false},"author":1,"featured_media":0,"parent":0,"menu_order":0,"comment_status":"closed","ping_status":"closed","template":"page-templates\/template-pagebuilder-full-width.php","meta":{"footnotes":""},"class_list":["post-235","page","type-page","status-publish","hentry"],"yoast_head":"<!-- This site is optimized with the Yoast SEO plugin v15.4 - https:\/\/yoast.com\/wordpress\/plugins\/seo\/ -->\n<title>Privacy Policy - Ybis - Energia, Panelli Solari, Fotovoltaico<\/title>\n<meta name=\"robots\" content=\"index, follow, max-snippet:-1, max-image-preview:large, max-video-preview:-1\" \/>\n<link rel=\"canonical\" href=\"https:\/\/energia.ybis.it\/index.php\/privacy-policy\/\" \/>\n<meta property=\"og:locale\" content=\"it_IT\" \/>\n<meta property=\"og:type\" content=\"article\" \/>\n<meta property=\"og:title\" content=\"Privacy Policy - Ybis - Energia, Panelli Solari, Fotovoltaico\" \/>\n<meta property=\"og:description\" content=\"Gentile utente, ringraziandoti per aver visitato il nostro sito, nelle seguenti informazioni troverai tutte le indicazioni utili a comprendere le finalit\u00e0 e modalit\u00e0 di trattamento dei tuoi dati personali in qualit\u00e0 di visitatore, oltre ad ogni altra informazione prevista dall\u2019art. 13 e 14 dal Regolamento generale sulla protezione dei dati UE 2016\/679 (\u201cGDPR\u201d).\u00a0 \u00a0 1.&hellip;&nbsp;Leggi tutto &raquo;Privacy Policy\" \/>\n<meta property=\"og:url\" content=\"https:\/\/energia.ybis.it\/index.php\/privacy-policy\/\" \/>\n<meta property=\"og:site_name\" content=\"Ybis - Energia, Panelli Solari, Fotovoltaico\" \/>\n<meta property=\"article:publisher\" content=\"https:\/\/www.facebook.com\/ybissrl\/\" \/>\n<meta property=\"article:modified_time\" content=\"2019-08-05T13:43:02+00:00\" \/>\n<meta property=\"og:image\" content=\"https:\/\/energia.ybis.it\/wp-content\/uploads\/2019\/07\/installazione-pannelli-solari.jpg\" \/>\n\t<meta property=\"og:image:width\" content=\"1500\" \/>\n\t<meta property=\"og:image:height\" content=\"1000\" \/>\n<meta name=\"twitter:card\" content=\"summary_large_image\" \/>\n<meta name=\"twitter:label1\" content=\"Scritto da\">\n\t<meta name=\"twitter:data1\" content=\"admin\">\n\t<meta name=\"twitter:label2\" content=\"Tempo di lettura stimato\">\n\t<meta name=\"twitter:data2\" content=\"4 minuti\">\n<script type=\"application\/ld+json\" class=\"yoast-schema-graph\">{\"@context\":\"https:\/\/schema.org\",\"@graph\":[{\"@type\":\"WebSite\",\"@id\":\"https:\/\/energia.ybis.it\/#website\",\"url\":\"https:\/\/energia.ybis.it\/\",\"name\":\"Ybis - Energia, Panelli Solari, Fotovoltaico\",\"description\":\"\",\"potentialAction\":[{\"@type\":\"SearchAction\",\"target\":\"https:\/\/energia.ybis.it\/?s={search_term_string}\",\"query-input\":\"required name=search_term_string\"}],\"inLanguage\":\"it-IT\"},{\"@type\":\"WebPage\",\"@id\":\"https:\/\/energia.ybis.it\/index.php\/privacy-policy\/#webpage\",\"url\":\"https:\/\/energia.ybis.it\/index.php\/privacy-policy\/\",\"name\":\"Privacy Policy - Ybis - Energia, Panelli Solari, Fotovoltaico\",\"isPartOf\":{\"@id\":\"https:\/\/energia.ybis.it\/#website\"},\"datePublished\":\"2019-08-05T13:40:32+00:00\",\"dateModified\":\"2019-08-05T13:43:02+00:00\",\"inLanguage\":\"it-IT\",\"potentialAction\":[{\"@type\":\"ReadAction\",\"target\":[\"https:\/\/energia.ybis.it\/index.php\/privacy-policy\/\"]}]}]}<\/script>\n<!-- \/ Yoast SEO plugin. -->","_links":{"self":[{"href":"https:\/\/energia.ybis.it\/index.php\/wp-json\/wp\/v2\/pages\/235"}],"collection":[{"href":"https:\/\/energia.ybis.it\/index.php\/wp-json\/wp\/v2\/pages"}],"about":[{"href":"https:\/\/energia.ybis.it\/index.php\/wp-json\/wp\/v2\/types\/page"}],"author":[{"embeddable":true,"href":"https:\/\/energia.ybis.it\/index.php\/wp-json\/wp\/v2\/users\/1"}],"replies":[{"embeddable":true,"href":"https:\/\/energia.ybis.it\/index.php\/wp-json\/wp\/v2\/comments?post=235"}],"version-history":[{"count":2,"href":"https:\/\/energia.ybis.it\/index.php\/wp-json\/wp\/v2\/pages\/235\/revisions"}],"predecessor-version":[{"id":239,"href":"https:\/\/energia.ybis.it\/index.php\/wp-json\/wp\/v2\/pages\/235\/revisions\/239"}],"wp:attachment":[{"href":"https:\/\/energia.ybis.it\/index.php\/wp-json\/wp\/v2\/media?parent=235"}],"curies":[{"name":"wp","href":"https:\/\/api.w.org\/{rel}","templated":true}]}}