{"id":232,"date":"2019-08-05T13:40:18","date_gmt":"2019-08-05T13:40:18","guid":{"rendered":"https:\/\/energia.ybis.it\/?page_id=232"},"modified":"2019-08-05T13:42:17","modified_gmt":"2019-08-05T13:42:17","slug":"cookie-policy","status":"publish","type":"page","link":"https:\/\/energia.ybis.it\/index.php\/cookie-policy\/","title":{"rendered":"Cookie Policy"},"content":{"rendered":"\t\t<div data-elementor-type=\"wp-post\" data-elementor-id=\"232\" class=\"elementor elementor-232\" data-elementor-settings=\"[]\">\n\t\t\t\t\t\t<div class=\"elementor-inner\">\n\t\t\t\t\t\t\t<div class=\"elementor-section-wrap\">\n\t\t\t\t\t\t\t<section class=\"elementor-section elementor-top-section elementor-element elementor-element-e1fbefa elementor-section-boxed elementor-section-height-default elementor-section-height-default\" data-id=\"e1fbefa\" data-element_type=\"section\">\n\t\t\t\t\t\t<div class=\"elementor-container elementor-column-gap-default\">\n\t\t\t\t\t\t\t<div class=\"elementor-row\">\n\t\t\t\t\t<div class=\"elementor-column elementor-col-100 elementor-top-column elementor-element elementor-element-a7aa4af\" data-id=\"a7aa4af\" data-element_type=\"column\">\n\t\t\t<div class=\"elementor-column-wrap elementor-element-populated\">\n\t\t\t\t\t\t\t<div class=\"elementor-widget-wrap\">\n\t\t\t\t\t\t<div class=\"elementor-element elementor-element-a5e017c elementor-widget elementor-widget-spacer\" data-id=\"a5e017c\" data-element_type=\"widget\" data-widget_type=\"spacer.default\">\n\t\t\t\t<div class=\"elementor-widget-container\">\n\t\t\t\t\t<div class=\"elementor-spacer\">\n\t\t\t<div class=\"elementor-spacer-inner\"><\/div>\n\t\t<\/div>\n\t\t\t\t<\/div>\n\t\t\t\t<\/div>\n\t\t\t\t\t\t<\/div>\n\t\t\t\t\t<\/div>\n\t\t<\/div>\n\t\t\t\t\t\t\t\t<\/div>\n\t\t\t\t\t<\/div>\n\t\t<\/section>\n\t\t\t\t<section class=\"elementor-section elementor-top-section elementor-element elementor-element-c657d78 elementor-section-boxed elementor-section-height-default elementor-section-height-default\" data-id=\"c657d78\" data-element_type=\"section\">\n\t\t\t\t\t\t<div class=\"elementor-container elementor-column-gap-default\">\n\t\t\t\t\t\t\t<div class=\"elementor-row\">\n\t\t\t\t\t<div class=\"elementor-column elementor-col-100 elementor-top-column elementor-element elementor-element-a3c421c\" data-id=\"a3c421c\" data-element_type=\"column\">\n\t\t\t<div class=\"elementor-column-wrap elementor-element-populated\">\n\t\t\t\t\t\t\t<div class=\"elementor-widget-wrap\">\n\t\t\t\t\t\t<div class=\"elementor-element elementor-element-3f730ab elementor-widget elementor-widget-text-editor\" data-id=\"3f730ab\" data-element_type=\"widget\" data-widget_type=\"text-editor.default\">\n\t\t\t\t<div class=\"elementor-widget-container\">\n\t\t\t\t\t<div class=\"elementor-text-editor elementor-clearfix\"><p>Informativa sui cookie Ybis s.r.l.<br \/>Questa \u00e8 la Cookie Policy per Ybis s.r.l, accessibile da www.ybis.it<\/p><p>Cosa sono i cookie<\/p><p>Come \u00e8 prassi comune con quasi tutti i siti web professionali, questo sito utilizza i cookie, che sono piccoli file che vengono scaricati sul tuo computer, per migliorare la tua esperienza. Questa pagina descrive quali informazioni raccolgono, come le usiamo e perch\u00e9 a volte abbiamo bisogno di memorizzare questi cookie. Condivideremo inoltre come \u00e8 possibile impedire la memorizzazione di questi cookie, tuttavia ci\u00f2 potrebbe ridurre o \u201cinterrompere\u201d determinati elementi della funzionalit\u00e0 dei siti.<\/p><p>Per informazioni pi\u00f9 generali sui cookie consultare l\u2019articolo di Wikipedia sui cookie HTTP.<\/p><p>Come utilizziamo i cookie<\/p><p>Utilizziamo i cookie per una serie di motivi illustrati di seguito. Sfortunatamente nella maggior parte dei casi non ci sono opzioni standard di settore per disabilitare i cookie senza disabilitare completamente la funzionalit\u00e0 e le funzionalit\u00e0 che aggiungono a questo sito. Si consiglia di lasciare su tutti i cookie se non si \u00e8 sicuri di averne bisogno o meno nel caso in cui siano utilizzati per fornire un servizio che si utilizza.<\/p><p>Disabilitare i cookie<\/p><p>\u00c8 possibile impedire l\u2019impostazione dei cookie modificando le impostazioni sul browser (consultare la Guida del browser per sapere come fare). Tieni presente che la disattivazione dei cookie influenzer\u00e0 la funzionalit\u00e0 di questo e di molti altri siti web visitati. La disabilitazione dei cookie di solito comporta anche la disabilitazione di alcune funzionalit\u00e0 e funzionalit\u00e0 di questo sito. Pertanto si consiglia di non disabilitare i cookie.<\/p><p>I cookie che abbiamo impostato<\/p><p>Cookie relativi alla newsletter via email<\/p><p>Questo sito offre servizi di iscrizione a newsletter o e-mail e i cookie possono essere utilizzati per ricordare se sei gi\u00e0 registrato e se mostrare determinate notifiche che potrebbero essere valide solo per gli utenti iscritti \/ non iscritti.<\/p><p>Sondaggi relativi cookie<\/p><p>Di volta in volta offriamo sondaggi e questionari per gli utenti per fornirti informazioni interessanti, strumenti utili o per capire meglio la nostra base di utenti. Questi sondaggi potrebbero utilizzare i cookie per ricordare chi ha gi\u00e0 preso parte a un sondaggio o per fornire risultati accurati dopo aver modificato le pagine.<\/p><p>Moduli relativi cookie<\/p><p>Quando invii i dati a un modulo come quelli che si trovano nelle pagine di contatto o nei moduli di commento, i cookie potrebbero essere impostati per ricordare i dettagli dell\u2019utente per la corrispondenza futura.<\/p><p>Cookie delle preferenze del sito<\/p><p>Per offrirti una grande esperienza su questo sito forniamo la funzionalit\u00e0 per impostare le tue preferenze su come questo sito viene eseguito quando lo si utilizza. Per ricordare le tue preferenze, dobbiamo impostare i cookie in modo tale che queste informazioni possano essere chiamate ogni volta che interagisci con una pagina sia influenzata dalle tue preferenze.<\/p><p>Cookie di terze parti<\/p><p>In alcuni casi speciali utilizziamo anche cookie forniti da terze parti fidate. La seguente sezione indica quali cookie di terze parti potresti incontrare attraverso questo sito.<\/p><p>Questo sito utilizza Google Analytics, una delle soluzioni di analisi pi\u00f9 diffuse e affidabili sul Web per aiutarci a capire come utilizzi il sito e come migliorare la tua esperienza. Questi cookie possono tracciare cose come il tempo che trascorri sul sito e le pagine che visiti cos\u00ec da poter continuare a produrre contenuti coinvolgenti.<\/p><p>Per ulteriori informazioni sui cookie di Google Analytics, consultare la pagina ufficiale di Google Analytics.<\/p><p>Le analisi di terze parti vengono utilizzate per tracciare e misurare l\u2019utilizzo di questo sito in modo che possiamo continuare a produrre contenuti accattivanti. Questi cookie possono tracciare cose come il tempo che trascorri sul sito o le pagine che visiti che ci aiutano a capire come possiamo migliorare il sito per te.<\/p><p>Di volta in volta, testiamo nuove funzionalit\u00e0 e apportiamo piccole modifiche al modo in cui il sito viene consegnato. Quando stiamo ancora testando nuove funzionalit\u00e0 questi cookie possono essere utilizzati per garantire che riceviate un\u2019esperienza coerente mentre siete sul sito, assicurandoci al contempo di capire quali ottimizzazioni i nostri utenti apprezzano di pi\u00f9.<\/p><p>Dato che vendiamo i prodotti, \u00e8 importante per noi comprendere le statistiche su quanti dei visitatori del nostro sito effettuano effettivamente un acquisto e in quanto tale \u00e8 il tipo di dati che questi cookie tracceranno. Questo \u00e8 importante per te in quanto significa che possiamo fare previsioni accurate sul business che ci permettono di monitorare i nostri costi pubblicitari e di prodotto per garantire il miglior prezzo possibile.<\/p><p>Diversi partner pubblicizzano per nostro conto e i cookie di tracciamento delle affiliazioni ci consentono semplicemente di vedere se i nostri clienti sono venuti sul sito attraverso uno dei nostri siti partner in modo da poterli accreditare in modo appropriato e laddove applicabile consentire ai nostri partner affiliati di fornire qualsiasi bonus che possano fornirti un acquisto.<\/p><p>Utilizziamo anche pulsanti di social media e \/ o plug-in su questo sito che ti consentono di connetterti al tuo social network in vari modi. Affinch\u00e9 queste funzioni, i seguenti siti di social media, tra cui (Facebook, Instagram, ecc), imposteranno i cookie attraverso il nostro sito che potrebbero essere utilizzati per migliorare il tuo profilo sul loro sito o contribuire ai dati che mantengono per vari scopi delineato nelle rispettive politiche sulla privacy.<\/p><p>Maggiori informazioni<\/p><p>Speriamo che questo abbia chiarito le cose per te e come detto in precedenza se c\u2019\u00e8 qualcosa che non sei sicuro di aver bisogno o meno \u00e8 solitamente pi\u00f9 sicuro lasciare i cookie abilitati nel caso in cui interagisca con una delle funzionalit\u00e0 che usi sul nostro sito. La presente Politica sui cookie \u00e8 stata creata con l\u2019aiuto del Generatore di modelli di politiche sui cookie e del Modello di termini e condizioni.<\/p><p>Tuttavia, se stai ancora cercando ulteriori informazioni, puoi contattarci attraverso uno dei nostri metodi di contatto preferiti:<\/p><p>E-mail: info@ybis.it<\/p><p>Visitando questo link: www.ybis.it<\/p><p>Telefono:0955184122<\/p><\/div>\n\t\t\t\t<\/div>\n\t\t\t\t<\/div>\n\t\t\t\t\t\t<\/div>\n\t\t\t\t\t<\/div>\n\t\t<\/div>\n\t\t\t\t\t\t\t\t<\/div>\n\t\t\t\t\t<\/div>\n\t\t<\/section>\n\t\t\t\t\t\t<\/div>\n\t\t\t\t\t\t<\/div>\n\t\t\t\t\t<\/div>\n\t\t","protected":false},"excerpt":{"rendered":"<p>Informativa sui cookie Ybis s.r.l.Questa \u00e8 la Cookie Policy per Ybis s.r.l, accessibile da www.ybis.it Cosa sono i cookie Come \u00e8 prassi comune con quasi tutti i siti web professionali, questo sito utilizza i cookie, che sono piccoli file che vengono scaricati sul tuo computer, per migliorare la tua esperienza. Questa pagina descrive quali informazioni&hellip;&nbsp;<a href=\"https:\/\/energia.ybis.it\/index.php\/cookie-policy\/\" class=\"\" rel=\"bookmark\">Leggi tutto &raquo;<span class=\"screen-reader-text\">Cookie Policy<\/span><\/a><\/p>\n","protected":false},"author":1,"featured_media":0,"parent":0,"menu_order":0,"comment_status":"closed","ping_status":"closed","template":"page-templates\/template-pagebuilder-full-width.php","meta":{"footnotes":""},"class_list":["post-232","page","type-page","status-publish","hentry"],"yoast_head":"<!-- This site is optimized with the Yoast SEO plugin v15.4 - https:\/\/yoast.com\/wordpress\/plugins\/seo\/ -->\n<title>Cookie Policy - Ybis - Energia, Panelli Solari, Fotovoltaico<\/title>\n<meta name=\"robots\" content=\"index, follow, max-snippet:-1, max-image-preview:large, max-video-preview:-1\" \/>\n<link rel=\"canonical\" href=\"https:\/\/energia.ybis.it\/index.php\/cookie-policy\/\" \/>\n<meta property=\"og:locale\" content=\"it_IT\" \/>\n<meta property=\"og:type\" content=\"article\" \/>\n<meta property=\"og:title\" content=\"Cookie Policy - Ybis - Energia, Panelli Solari, Fotovoltaico\" \/>\n<meta property=\"og:description\" content=\"Informativa sui cookie Ybis s.r.l.Questa \u00e8 la Cookie Policy per Ybis s.r.l, accessibile da www.ybis.it Cosa sono i cookie Come \u00e8 prassi comune con quasi tutti i siti web professionali, questo sito utilizza i cookie, che sono piccoli file che vengono scaricati sul tuo computer, per migliorare la tua esperienza. Questa pagina descrive quali informazioni&hellip;&nbsp;Leggi tutto &raquo;Cookie Policy\" \/>\n<meta property=\"og:url\" content=\"https:\/\/energia.ybis.it\/index.php\/cookie-policy\/\" \/>\n<meta property=\"og:site_name\" content=\"Ybis - Energia, Panelli Solari, Fotovoltaico\" \/>\n<meta property=\"article:publisher\" content=\"https:\/\/www.facebook.com\/ybissrl\/\" \/>\n<meta property=\"article:modified_time\" content=\"2019-08-05T13:42:17+00:00\" \/>\n<meta property=\"og:image\" content=\"https:\/\/energia.ybis.it\/wp-content\/uploads\/2019\/07\/installazione-pannelli-solari.jpg\" \/>\n\t<meta property=\"og:image:width\" content=\"1500\" \/>\n\t<meta property=\"og:image:height\" content=\"1000\" \/>\n<meta name=\"twitter:card\" content=\"summary_large_image\" \/>\n<meta name=\"twitter:label1\" content=\"Scritto da\">\n\t<meta name=\"twitter:data1\" content=\"admin\">\n\t<meta name=\"twitter:label2\" content=\"Tempo di lettura stimato\">\n\t<meta name=\"twitter:data2\" content=\"4 minuti\">\n<script type=\"application\/ld+json\" class=\"yoast-schema-graph\">{\"@context\":\"https:\/\/schema.org\",\"@graph\":[{\"@type\":\"WebSite\",\"@id\":\"https:\/\/energia.ybis.it\/#website\",\"url\":\"https:\/\/energia.ybis.it\/\",\"name\":\"Ybis - Energia, Panelli Solari, Fotovoltaico\",\"description\":\"\",\"potentialAction\":[{\"@type\":\"SearchAction\",\"target\":\"https:\/\/energia.ybis.it\/?s={search_term_string}\",\"query-input\":\"required name=search_term_string\"}],\"inLanguage\":\"it-IT\"},{\"@type\":\"WebPage\",\"@id\":\"https:\/\/energia.ybis.it\/index.php\/cookie-policy\/#webpage\",\"url\":\"https:\/\/energia.ybis.it\/index.php\/cookie-policy\/\",\"name\":\"Cookie Policy - Ybis - Energia, Panelli Solari, Fotovoltaico\",\"isPartOf\":{\"@id\":\"https:\/\/energia.ybis.it\/#website\"},\"datePublished\":\"2019-08-05T13:40:18+00:00\",\"dateModified\":\"2019-08-05T13:42:17+00:00\",\"inLanguage\":\"it-IT\",\"potentialAction\":[{\"@type\":\"ReadAction\",\"target\":[\"https:\/\/energia.ybis.it\/index.php\/cookie-policy\/\"]}]}]}<\/script>\n<!-- \/ Yoast SEO plugin. -->","_links":{"self":[{"href":"https:\/\/energia.ybis.it\/index.php\/wp-json\/wp\/v2\/pages\/232"}],"collection":[{"href":"https:\/\/energia.ybis.it\/index.php\/wp-json\/wp\/v2\/pages"}],"about":[{"href":"https:\/\/energia.ybis.it\/index.php\/wp-json\/wp\/v2\/types\/page"}],"author":[{"embeddable":true,"href":"https:\/\/energia.ybis.it\/index.php\/wp-json\/wp\/v2\/users\/1"}],"replies":[{"embeddable":true,"href":"https:\/\/energia.ybis.it\/index.php\/wp-json\/wp\/v2\/comments?post=232"}],"version-history":[{"count":2,"href":"https:\/\/energia.ybis.it\/index.php\/wp-json\/wp\/v2\/pages\/232\/revisions"}],"predecessor-version":[{"id":238,"href":"https:\/\/energia.ybis.it\/index.php\/wp-json\/wp\/v2\/pages\/232\/revisions\/238"}],"wp:attachment":[{"href":"https:\/\/energia.ybis.it\/index.php\/wp-json\/wp\/v2\/media?parent=232"}],"curies":[{"name":"wp","href":"https:\/\/api.w.org\/{rel}","templated":true}]}}